{"id":56,"date":"2017-12-12T10:55:12","date_gmt":"2017-12-12T14:55:12","guid":{"rendered":"http:\/\/ayuntamiento.guineo\/transparencia\/?page_id=56"},"modified":"2025-04-13T19:48:28","modified_gmt":"2025-04-13T23:48:28","slug":"derechos-de-los-ciudadanos","status":"publish","type":"page","link":"https:\/\/juntadmrincon.gob.do\/transparencia\/derechos-de-los-ciudadanos\/","title":{"rendered":"Derechos de los Ciudadanos"},"content":{"rendered":"\n\n\n<p style=\"text-align: justify\">En cumplimiento a la L<strong>ey 200-04 y el Decreto 130-05, el acceso a la informaci\u00f3n se har\u00e1 efectivo siempre y cuando no afecte la seguridad nacional, el orden p\u00fablico, la salud o la moral p\u00fablica o el derecho a la privacidad e intimidad de un tercero o el derecho a la reputaci\u00f3n de los dem\u00e1s.<\/strong><\/p>\n<p style=\"text-align: justify\" data-start=\"316\" data-end=\"330\"><strong>\ud83d\udce5\u00a0ACCEDER | a la instituci\u00f3n del Estado y sus recomendaciones.<\/strong><\/p>\n<hr class=\"\" data-start=\"397\" data-end=\"400\" \/>\n<p style=\"text-align: justify\" data-start=\"402\" data-end=\"417\"><strong>\ud83d\udda5\ufe0fCONOCER | la situaci\u00f3n jur\u00eddica patrimonial de los funcionarios del Estado cuando su presentaci\u00f3n sea requerida por ley.<\/strong><\/p>\n<hr class=\"\" data-start=\"544\" data-end=\"547\" \/>\n<p style=\"text-align: justify\" data-start=\"549\" data-end=\"563\"><strong>\ud83d\udc65\u00a0RECIBIR | informaci\u00f3n sobre el listado de beneficiarios de programas asistenciales, subsidios, becas, jubilaciones, pensiones y otros.<\/strong><\/p>\n<hr class=\"\" data-start=\"704\" data-end=\"707\" \/>\n<p style=\"text-align: justify\" data-start=\"709\" data-end=\"722\"><strong>\ud83d\udee0\ufe0f SABER| sobre el estado de avance de la obra p\u00fablica, sus costos totales y pagos.<\/strong><\/p>\n<hr class=\"\" data-start=\"810\" data-end=\"813\" \/>\n<p style=\"text-align: justify\" data-start=\"815\" data-end=\"828\"><strong>\ud83d\udcdc BUSCAR\u00a0| las leyes, decretos, resoluciones, disposiciones, normas regulatorias y cualquier tipo de normativa.<\/strong><\/p>\n<hr class=\"\" data-start=\"944\" data-end=\"947\" \/>\n<p style=\"text-align: justify\" data-start=\"949\" data-end=\"975\"><strong>\ud83e\uddfe SOLICITAR Y RECIBIR\u00a0| copias en medios comprensibles de los documentos financieros relativos al presupuesto p\u00fablico.<\/strong><\/p>\n<hr class=\"\" data-start=\"1098\" data-end=\"1101\" \/>\n<p style=\"text-align: justify\" data-start=\"1103\" data-end=\"1117\"><strong>\ud83d\udccb CONOCER\u00a0| los proyectos de reglamentos y otras disposiciones de car\u00e1cter general que rijan las relaciones entre los particulares y la administraci\u00f3n.<\/strong><\/p>\n<hr class=\"\" data-start=\"1273\" data-end=\"1276\" \/>\n<p style=\"text-align: justify\" data-start=\"1278\" data-end=\"1293\"><strong>\ud83c\udfdb\ufe0f OBTENER| informaci\u00f3n sobre licitaciones que realice el Estado, requisitos, contratos.<\/strong><\/p>\n<hr class=\"\" data-start=\"1386\" data-end=\"1389\" \/>\n<p style=\"text-align: justify\" data-start=\"1391\" data-end=\"1412\"><strong>\ud83d\udc68\u200d\ud83d\udc69\u200d\ud83d\udc67\u200d\ud83d\udc66 SABER\u00a0| la estructura, integrantes, normativas de funcionamiento, propuestas, informes de gesti\u00f3n, y bases de elecci\u00f3n de la administraci\u00f3n p\u00fablica.<\/strong><\/p>\n<hr class=\"\" data-start=\"1567\" data-end=\"1570\" \/>\n<p style=\"text-align: justify\" data-start=\"1572\" data-end=\"1586\"><strong>\ud83d\ude9a CONOCER\u00a0| sobre los presupuestos y estado de recursos y gastos aprobados, su evoluci\u00f3n y estado de ejecuci\u00f3n.<\/strong><\/p>\n<hr class=\"\" data-start=\"1702\" data-end=\"1705\" \/>\n<p style=\"text-align: justify\" data-start=\"1707\" data-end=\"1719\"><strong>\ud83d\udcc8 TENER\u00a0| informaci\u00f3n sobre los programas y proyectos, sus presupuestos, planes, ejecuci\u00f3n y seguimiento.<\/strong><\/p>\n<hr class=\"\" data-start=\"1829\" data-end=\"1832\" \/>\n<p style=\"text-align: justify\" data-start=\"1834\" data-end=\"1856\"><strong>\ud83d\uddd3\ufe0f ESTAR AL TANTO\u00a0| sobre las licitaciones, concursos, compras, gastos y resultados.<\/strong><\/p>\n<hr class=\"\" data-start=\"1944\" data-end=\"1947\" \/>\n<p style=\"text-align: justify\" data-start=\"1949\" data-end=\"1966\"><strong>\ud83d\udee1\ufe0f SOLICITAR | informaci\u00f3n de cualquier \u00f3rgano del Estado Dominicano y de todas las sociedades an\u00f3nimas, compa\u00f1\u00edas an\u00f3nimas o compa\u00f1\u00edas por acciones con participaci\u00f3n estatal.<\/strong><\/p>\n<hr class=\"\" data-start=\"2145\" data-end=\"2148\" \/>\n<p style=\"text-align: justify\" data-start=\"2150\" data-end=\"2164\"><strong>\ud83d\udcda RECIBIR | informaci\u00f3n completa, veraz, adecuada y oportuna de cualquier \u00f3rgano del Estado Dominicano y de todas las sociedades an\u00f3nimas, compa\u00f1\u00edas an\u00f3nimas o compa\u00f1\u00edas por acciones con participaci\u00f3n estatal.<\/strong><\/p>\n<hr class=\"\" data-start=\"2378\" data-end=\"2381\" \/>\n<p style=\"text-align: justify\" data-start=\"2383\" data-end=\"2397\"><strong>\ud83d\udda8\ufe0f ACCESO | gratuito a la informaci\u00f3n en tanto que no requiera reproducci\u00f3n de la misma.<\/strong><\/p>\n<hr class=\"\" data-start=\"2489\" data-end=\"2492\" \/>\n<p style=\"text-align: justify\" data-start=\"2494\" data-end=\"2531\"><strong>\ud83c\udfdb\ufe0f SOLICITAR, RECIBIR Y DIFUNDIR | informaciones para contribuir a la administraci\u00f3n del Estado.<\/strong><\/p>\n\n\n\n\n","protected":false},"excerpt":{"rendered":"En cumplimiento a la Ley 200-04 y el Decreto 130-05, el acceso a la informaci\u00f3n se har\u00e1 efectivo siempre y cuando no afecte la seguridad nacional, el orden p\u00fablico, la salud o la moral p\u00fablica o el derecho a la privacidad e intimidad de un tercero o el derecho a la reputaci\u00f3n de los dem\u00e1s&#8230;.","protected":false},"author":1,"featured_media":0,"parent":0,"menu_order":0,"comment_status":"closed","ping_status":"closed","template":"","meta":{"footnotes":""},"class_list":["post-56","page","type-page","status-publish","hentry"],"acf":[],"_links":{"self":[{"href":"https:\/\/juntadmrincon.gob.do\/transparencia\/wp-json\/wp\/v2\/pages\/56"}],"collection":[{"href":"https:\/\/juntadmrincon.gob.do\/transparencia\/wp-json\/wp\/v2\/pages"}],"about":[{"href":"https:\/\/juntadmrincon.gob.do\/transparencia\/wp-json\/wp\/v2\/types\/page"}],"author":[{"embeddable":true,"href":"https:\/\/juntadmrincon.gob.do\/transparencia\/wp-json\/wp\/v2\/users\/1"}],"replies":[{"embeddable":true,"href":"https:\/\/juntadmrincon.gob.do\/transparencia\/wp-json\/wp\/v2\/comments?post=56"}],"version-history":[{"count":3,"href":"https:\/\/juntadmrincon.gob.do\/transparencia\/wp-json\/wp\/v2\/pages\/56\/revisions"}],"predecessor-version":[{"id":397,"href":"https:\/\/juntadmrincon.gob.do\/transparencia\/wp-json\/wp\/v2\/pages\/56\/revisions\/397"}],"wp:attachment":[{"href":"https:\/\/juntadmrincon.gob.do\/transparencia\/wp-json\/wp\/v2\/media?parent=56"}],"curies":[{"name":"wp","href":"https:\/\/api.w.org\/{rel}","templated":true}]}}