{"id":78,"date":"2017-12-12T11:24:21","date_gmt":"2017-12-12T15:24:21","guid":{"rendered":"http:\/\/ayuntamiento.guineo\/transparencia\/?page_id=78"},"modified":"2025-04-13T20:06:00","modified_gmt":"2025-04-14T00:06:00","slug":"definicion-oaim-oficina-de-acceso-a-la-informacion-municipal","status":"publish","type":"page","link":"https:\/\/juntadmrincon.gob.do\/transparencia\/definicion-oaim-oficina-de-acceso-a-la-informacion-municipal\/","title":{"rendered":"Definici\u00f3n OAIM (Oficina de Acceso a la Informaci\u00f3n Municipal)"},"content":{"rendered":"<h3 class=\"\" style=\"text-align: justify\" data-start=\"335\" data-end=\"388\">\ud83c\udfe2 <strong data-start=\"342\" data-end=\"386\">Oficina de Acceso a la Informaci\u00f3n (OAI)<\/strong><\/h3>\n<p class=\"\" style=\"text-align: justify\" data-start=\"433\" data-end=\"837\">La Oficina de Acceso a la Informaci\u00f3n (OAI) del Distrito Municipal de <strong data-start=\"503\" data-end=\"513\">Rinc\u00f3n<\/strong> se rige por la <strong data-start=\"529\" data-end=\"596\">Ley General de Libre Acceso a la Informaci\u00f3n P\u00fablica No. 200-04<\/strong> y su <strong data-start=\"602\" data-end=\"636\">Reglamento, Decreto No. 130-05<\/strong>. Nuestra funci\u00f3n esencial es <strong data-start=\"666\" data-end=\"751\">garantizar el acceso oportuno, transparente y equitativo a la informaci\u00f3n p\u00fablica<\/strong>, facilitando la rendici\u00f3n de cuentas tanto a los ciudadanos como a las instituciones.<\/p>\n<hr class=\"\" data-start=\"839\" data-end=\"842\" \/>\n<h3 class=\"\" style=\"text-align: justify\" data-start=\"844\" data-end=\"863\">\ud83c\udf1f <strong data-start=\"851\" data-end=\"861\">Visi\u00f3n<\/strong><\/h3>\n<p class=\"\" style=\"text-align: justify\" data-start=\"864\" data-end=\"1078\">Fortalecer los valores de <strong data-start=\"890\" data-end=\"967\">honestidad, integridad, eficiencia, eficacia, calidad y trabajo en equipo<\/strong>, promoviendo la <strong data-start=\"984\" data-end=\"1015\">transparencia institucional<\/strong> y el <strong data-start=\"1021\" data-end=\"1038\">buen gobierno<\/strong> en el Distrito Municipal de <strong data-start=\"1067\" data-end=\"1077\">Rinc\u00f3n<\/strong>.<\/p>\n<hr class=\"\" data-start=\"1080\" data-end=\"1083\" \/>\n<h3 class=\"\" style=\"text-align: justify\" data-start=\"1085\" data-end=\"1104\">\ud83c\udfaf <strong data-start=\"1092\" data-end=\"1102\">Misi\u00f3n<\/strong><\/h3>\n<p class=\"\" style=\"text-align: justify\" data-start=\"1105\" data-end=\"1351\">Garantizar que todos los usuarios tengan acceso a informaci\u00f3n relevante sobre la gesti\u00f3n de la Junta del Distrito Municipal de Rinc\u00f3n, como v\u00eda para validar y fortalecer la <strong data-start=\"1278\" data-end=\"1295\">transparencia<\/strong>, la <strong data-start=\"1300\" data-end=\"1323\">confianza ciudadana<\/strong> y el ejercicio democr\u00e1tico.<\/p>\n<hr class=\"\" data-start=\"1353\" data-end=\"1356\" \/>\n<h3 class=\"\" style=\"text-align: justify\" data-start=\"1358\" data-end=\"1417\">\ud83d\udc64 <strong data-start=\"1365\" data-end=\"1415\">Representante de Acceso a la Informaci\u00f3n (RAI)<\/strong><\/h3>\n<p class=\"\" style=\"text-align: justify\" data-start=\"1418\" data-end=\"1765\">El <strong data-start=\"1421\" data-end=\"1428\">RAI<\/strong> es el <strong data-start=\"1435\" data-end=\"1484\">enlace directo entre la Junta y la ciudadan\u00eda<\/strong>, encargado de recibir, gestionar y dar seguimiento a todas las solicitudes de informaci\u00f3n, <strong data-start=\"1576\" data-end=\"1623\">asegurando el cumplimiento de la Ley 200-04<\/strong> y su reglamento. Adem\u00e1s, <strong data-start=\"1649\" data-end=\"1660\">orienta<\/strong> a los ciudadanos y garantiza que sus solicitudes sean respondidas con oportunidad, veracidad y claridad.<\/p>\n<hr class=\"\" data-start=\"1767\" data-end=\"1770\" \/>\n<h3 class=\"\" style=\"text-align: justify\" data-start=\"1772\" data-end=\"1825\">\ud83d\udccb <strong data-start=\"1779\" data-end=\"1825\">Proceso para Solicitar Informaci\u00f3n P\u00fablica<\/strong><\/h3>\n<ol style=\"text-align: justify\" data-start=\"1827\" data-end=\"2663\">\n<li class=\"\" data-start=\"1827\" data-end=\"1955\">\n<p class=\"\" data-start=\"1830\" data-end=\"1955\">\ud83d\udcdd <strong data-start=\"1833\" data-end=\"1860\">Formulario de Solicitud: <\/strong>El ciudadano completa un formulario disponible en la OAI o en la web oficial de la Junta.<\/p>\n<\/li>\n<li class=\"\" data-start=\"1957\" data-end=\"2095\">\n<p class=\"\" data-start=\"1960\" data-end=\"2095\">\ud83d\udd0d <strong data-start=\"1963\" data-end=\"1990\">Revisi\u00f3n del Formulario: <\/strong>El personal valida que el formulario est\u00e9 correctamente llenado y que incluya los datos necesarios.<\/p>\n<\/li>\n<li class=\"\" data-start=\"2097\" data-end=\"2217\">\n<p class=\"\" data-start=\"2100\" data-end=\"2217\">\ud83d\udcec <strong data-start=\"2103\" data-end=\"2122\">Acuse de Recibo: <\/strong>Se entrega al solicitante un comprobante de recepci\u00f3n con la fecha de inicio del tr\u00e1mite.<\/p>\n<\/li>\n<li class=\"\" data-start=\"2219\" data-end=\"2365\">\n<p class=\"\" data-start=\"2222\" data-end=\"2365\">\ud83d\udcc6 <strong data-start=\"2225\" data-end=\"2259\">Asignaci\u00f3n de Fecha de Entrega: <\/strong>Se establece una fecha estimada de entrega, conforme a la ley, seg\u00fan la complejidad de la solicitud.<\/p>\n<\/li>\n<li class=\"\" data-start=\"2367\" data-end=\"2505\">\n<p class=\"\" data-start=\"2370\" data-end=\"2505\">\ud83d\udd04 <strong data-start=\"2373\" data-end=\"2403\">Seguimiento y Confirmaci\u00f3n<\/strong><br data-start=\"2403\" data-end=\"2406\" \/>Se da seguimiento hasta asegurar que el ciudadano reciba la informaci\u00f3n de manera satisfactoria.<\/p>\n<\/li>\n<li class=\"\" data-start=\"2507\" data-end=\"2663\">\n<p class=\"\" data-start=\"2510\" data-end=\"2663\">\ud83d\udd01 <strong data-start=\"2513\" data-end=\"2535\">Redireccionamiento: <\/strong>Si la Junta no es competente para responder, la solicitud se remite a la entidad responsable y se notifica al solicitante.<\/p>\n<\/li>\n<\/ol>\n<hr class=\"\" data-start=\"2665\" data-end=\"2668\" \/>\n<h3 class=\"\" style=\"text-align: justify\" data-start=\"2670\" data-end=\"2707\">\ud83e\udd1d <strong data-start=\"2677\" data-end=\"2705\">Compromiso Institucional<\/strong><\/h3>\n<p class=\"\" style=\"text-align: justify\" data-start=\"2708\" data-end=\"2776\">La <strong data-start=\"2711\" data-end=\"2728\">OAI de Rinc\u00f3n<\/strong> reafirma su compromiso con los principios de:<\/p>\n<ul style=\"text-align: justify\" data-start=\"2777\" data-end=\"2888\">\n<li class=\"\" data-start=\"2777\" data-end=\"2794\">\n<p class=\"\" data-start=\"2779\" data-end=\"2794\"><strong data-start=\"2779\" data-end=\"2792\">Legalidad<\/strong><\/p>\n<\/li>\n<li class=\"\" data-start=\"2795\" data-end=\"2832\">\n<p class=\"\" data-start=\"2797\" data-end=\"2832\"><strong data-start=\"2797\" data-end=\"2830\">Responsabilidad institucional<\/strong><\/p>\n<\/li>\n<li class=\"\" data-start=\"2833\" data-end=\"2866\">\n<p class=\"\" data-start=\"2835\" data-end=\"2866\"><strong data-start=\"2835\" data-end=\"2864\">Eficiencia administrativa<\/strong><\/p>\n<\/li>\n<li class=\"\" data-start=\"2867\" data-end=\"2888\">\n<p class=\"\" data-start=\"2869\" data-end=\"2888\"><strong data-start=\"2869\" data-end=\"2886\">\u00c9tica p\u00fablica<\/strong><\/p>\n<\/li>\n<\/ul>\n<p class=\"\" style=\"text-align: justify\" data-start=\"2890\" data-end=\"3009\">Trabajamos para empoderar a la ciudadan\u00eda y promover una cultura de <strong data-start=\"2958\" data-end=\"3008\">gobierno abierto, participativo y transparente<\/strong>.<\/p>\n","protected":false},"excerpt":{"rendered":"\ud83c\udfe2 Oficina de Acceso a la Informaci\u00f3n (OAI) La Oficina de Acceso a la Informaci\u00f3n (OAI) del Distrito Municipal de Rinc\u00f3n se rige por la Ley General de Libre Acceso a la Informaci\u00f3n P\u00fablica No. 200-04 y su Reglamento, Decreto No. 130-05. Nuestra funci\u00f3n esencial es garantizar el acceso oportuno, transparente y equitativo a la&#8230;","protected":false},"author":1,"featured_media":0,"parent":0,"menu_order":0,"comment_status":"closed","ping_status":"closed","template":"","meta":{"footnotes":""},"class_list":["post-78","page","type-page","status-publish","hentry"],"acf":[],"_links":{"self":[{"href":"https:\/\/juntadmrincon.gob.do\/transparencia\/wp-json\/wp\/v2\/pages\/78"}],"collection":[{"href":"https:\/\/juntadmrincon.gob.do\/transparencia\/wp-json\/wp\/v2\/pages"}],"about":[{"href":"https:\/\/juntadmrincon.gob.do\/transparencia\/wp-json\/wp\/v2\/types\/page"}],"author":[{"embeddable":true,"href":"https:\/\/juntadmrincon.gob.do\/transparencia\/wp-json\/wp\/v2\/users\/1"}],"replies":[{"embeddable":true,"href":"https:\/\/juntadmrincon.gob.do\/transparencia\/wp-json\/wp\/v2\/comments?post=78"}],"version-history":[{"count":6,"href":"https:\/\/juntadmrincon.gob.do\/transparencia\/wp-json\/wp\/v2\/pages\/78\/revisions"}],"predecessor-version":[{"id":405,"href":"https:\/\/juntadmrincon.gob.do\/transparencia\/wp-json\/wp\/v2\/pages\/78\/revisions\/405"}],"wp:attachment":[{"href":"https:\/\/juntadmrincon.gob.do\/transparencia\/wp-json\/wp\/v2\/media?parent=78"}],"curies":[{"name":"wp","href":"https:\/\/api.w.org\/{rel}","templated":true}]}}